{"id":1055,"date":"2023-04-13T08:08:50","date_gmt":"2023-04-13T07:08:50","guid":{"rendered":"https:\/\/www.studiobriola.it\/privacy-policy\/"},"modified":"2023-06-21T15:36:41","modified_gmt":"2023-06-21T13:36:41","slug":"privacy-policy","status":"publish","type":"page","link":"https:\/\/www.studiobriola.it\/en\/privacy-policy\/","title":{"rendered":"Privacy Policy"},"content":{"rendered":"[vc_row][vc_column][vc_column_text]\n<h3 style=\"text-align: justify;\">Privacy Policy<\/h3>\n<p class=\"text-justify\" style=\"text-align: justify;\">La presente Privacy Policy ha lo scopo di descrivere le modalit\u00e0 di gestione di questo sito, in riferimento al trattamento dei dati personali degli utenti\/visitatori che lo consultano. Si tratta di un\u2019informativa che \u00e8 resa anche ai sensi dell\u2019art. 13 del Regolamento UE 2016\/679 &#8211; GDPR in materia di protezione dei dati personali \u2013 a coloro che si collegano al sito web <a href=\"http:\/\/www.studiobriola.it\/it\/\">www.studiobriola.it<\/a> e usufruiscono dei relativi servizi web a partire dall&#8217;indirizzo <a href=\"http:\/\/www.studiobriola.it\/it\/\">http:\/\/www.studiobriola.it\/it\/<\/a><\/p>\n<p class=\"text-justify\" style=\"text-align: justify;\">L\u2019informativa \u00e8 resa soltanto per il sito su menzionato e non anche per altri siti web eventualmente consultati dall\u2019utente tramite appositi link. Il presente sito internet \u00e8 di propriet\u00e0 e gestione di Briola &amp; Partners S.r.l. &#8211; S.T.A. che garantisce il rispetto della normativa in materia di protezione dei dati personali (GDPR). Gli utenti\/visitatori dovranno leggere attentamente la presente Privacy Policy prima di inoltrare qualsiasi tipo di informazione personale e\/o compilare qualunque modulo elettronico presente sul sito stesso.<\/p>\n<hr \/>\n<h3 style=\"text-align: justify;\">Titolare del trattamento dei dati personali<\/h3>\n<p class=\"text-justify\" style=\"text-align: justify;\">Il Titolare del trattamento dei dati personali \u00e8 Briola &amp; Partners S.r.l. \u2013 S.T.A., con sede in Via Podgora n. 11, 20122 Milano (MI), P. IVA: 10579350967, telefono: 02.55017406, fax: 02.55182047, Pec: briolaepartners@pec.it<\/p>\n<hr \/>\n<h3 style=\"text-align: justify;\">Finalit\u00e0 del trattamento<\/h3>\n<p class=\"text-justify\" style=\"text-align: justify;\">I dati personali sono trattati nell\u2019ambito della normale attivit\u00e0 del Titolare e per le seguenti finalit\u00e0:<\/p>\n<ul class=\"list-unstyled\" style=\"text-align: justify;\">\n<li>1) ricontattare l\u2019utente a seguito della volontaria compilazione del form inserito nel sito di studio che riporta i seguenti campi: nome e cognome, e-mail, scrivi un messaggio.<\/li>\n<li>2) interagire con l\u2019utente tramite la piattaforma esterna LinkedIn, attraverso il profilo di studio registrato e rintracciabile nel settore \u201cservizi legali\u201d. Sulla pagina dedicata allo Studio legale Briola si trova un richiamo diretto al link <a href=\"http:\/\/www.studiobriola.it\/it\/\">http:\/\/www.studiobriola.it\/it\/<\/a>.<\/li>\n<li>3) inviare via email newsletter, comunicazioni, inviti e\/o servizi offerti dal Titolare del trattamento previo consenso dell\u2019interessato.<\/li>\n<\/ul>\n<p class=\"text-justify\" style=\"text-align: justify;\">Qualora il Titolare intenda trattare ulteriormente i dati personali per una finalit\u00e0 diversa da quella per cui essi sono stati raccolti, esso fornir\u00e0 previamente all\u2019interessato ogni informazione necessaria e provveder\u00e0 a richiederne il consenso ove previsto.<\/p>\n<hr \/>\n<h3 style=\"text-align: justify;\">Modalit\u00e0 del trattamento<\/h3>\n<p class=\"text-justify\" style=\"text-align: justify;\"><i> Ai sensi dell\u2019art. 4, punto 2, GDPR per \u00abtrattamento\u00bb si intende: \u201cqualsiasi operazione o insieme di operazioni, compiute con o senza l\u2019ausilio di processi automatizzati e applicate a dati personali o insiemi di dati personali, come la raccolta, la registrazione, l\u2019organizzazione, la strutturazione, la conservazione, l\u2019adattamento o la modifica, l\u2019estrazione, la consultazione, l\u2019uso, la comunicazione mediante trasmissione, diffusione o qualsiasi altra forma di messa a disposizione, il raffronto o l\u2019interconnessione, la limitazione, la cancellazione o la distruzione\u201d. <\/i><\/p>\n<p class=\"text-justify\" style=\"text-align: justify;\">La informiamo che i Suoi dati personali sono sottoposti a trattamento mediante strumenti manuali e informatici con logiche strettamente correlate alle finalit\u00e0 per le quali sono stati acquisiti e comunque in modo da garantire la sicurezza e la riservatezza dei dati stessi. L\u2019archiviazione della documentazione \u00e8 effettuata sia in modalit\u00e0 elettronica che cartacea. La raccolta di dati personali \u00e8 limitata al minimo necessario per ogni specifica finalit\u00e0 del trattamento. Il trattamento di dati personali \u00e8 limitato alle finalit\u00e0 per le quali sono stati raccolti. La memorizzazione di dati personali \u00e8 limitata al minimo necessario per ogni specifica finalit\u00e0 del trattamento. Non sono forniti dati personali a terze parti commerciali. Non sono effettuati la vendita o l\u2019affitto di dati personali. I dati registrati sul server sono protetti contro il rischio di intrusione e accesso non autorizzato mediante misure di sicurezza idonee a garantire l&#8217;integrit\u00e0 e la disponibilit\u00e0 dei dati, nonch\u00e9 la protezione delle aree e dei locali rilevanti ai fini della loro custodia e accessibilit\u00e0.<\/p>\n<p class=\"text-justify\" style=\"text-align: justify;\">I dati personali verranno trattati da collaboratori e\/o dipendenti del Titolare, in qualit\u00e0 di incaricati del trattamento, nell&#8217;ambito delle rispettive funzioni ed in conformit\u00e0 alle istruzioni impartite dal Titolare. In alcuni casi, potrebbero avere accesso ai dati soggetti esterni (come fornitori di servizi tecnici terzi, corrieri postali, hosting provider, societ\u00e0 informatiche) che agiscano per conto del titolare, debitamente nominati, se necessario, responsabili del trattamento ai sensi dell\u2019articolo 28 del GDPR in materia di protezione dei dati personali. L\u2019elenco aggiornato dei responsabili potr\u00e0 sempre essere richiesto al titolare del trattamento.<\/p>\n<hr \/>\n<h3 style=\"text-align: justify;\">Base giuridica<\/h3>\n<p class=\"text-justify\" style=\"text-align: justify;\">i dati personali raccolti tramite il sito <a href=\"http:\/\/www.studiobriola.it\/it\/\">www.studiobriola.it<\/a> sono trattati per le sopra esplicitate finalit\u00e0 al fine di garantire un servizio volontariamente richiesto dall\u2019interessato al punto 1 e 2, nonch\u00e9 inviare via email newsletter, comunicazioni, inviti e\/o servizi offerti dal Titolare del trattamento previo consenso dell\u2019interessato al punto 3.<\/p>\n<hr \/>\n<h3 style=\"text-align: justify;\">Natura del trattamento<\/h3>\n<p class=\"text-justify\" style=\"text-align: justify;\">A parte quanto specificato per i dati di navigazione, l\u2019utente \u00e8 libero di fornire i dati personali riportati nel form della sezione \u201ccontatti\u201d presente sul sito dello studio, cos\u00ec come sul profilo della piattaforma LinkedIn. Si precisa che il mancato conferimento dei dati personali pu\u00f2 comportare l\u2019impossibilit\u00e0 di ottenere il servizio richiesto. I trattamenti eseguiti per finalit\u00e0 di marketing si basano sul rilascio del consenso ai sensi dell\u2019art. 6, par.1, lett. a) e dell\u2019art. 22, par.2, lett.c) del Regolamento. Il conferimento dei dati personali per queste finalit\u00e0 \u00e8 quindi del tutto facoltativo e non pregiudica la fruizione di altri servizi garantiti dal titolare. Qualora desiderasse opporsi al trattamento dei suoi dati per le finalit\u00e0 di marketing, potr\u00e0 inviare una richiesta tramite e-mail, all\u2019indirizzo <a href=\"mailto:segreteria@studiobriola.it\">segreteria@studiobriola.it<\/a>.<\/p>\n<hr \/>\n<h3 style=\"text-align: justify;\">Tipologia di dati trattati<\/h3>\n<h3 style=\"text-align: justify;\">Dati forniti volontariamente dall&#8217;utente nel form presenti all\u2019interno del sito<\/h3>\n<p class=\"text-justify\" style=\"text-align: justify;\">L&#8217;invio volontario ed esplicito di dati personali agli indirizzi di posta indicati nei differenti canali di accesso di questo sito comporta la successiva acquisizione dei dati dell&#8217;utente necessari per rispondere alle istanze prodotte e\/o erogare il servizio richiesto. In tal caso i dati acquisiti saranno trattati esclusivamente per tale finalit\u00e0 di rispondere alle richieste degli utenti, in merito ad esempio, all\u2019utilizzo di un servizio, problemi di connessione al sito, problemi di navigazione al sito, problemi di accesso ai servizi offerti dal sito o problemi di accesso al proprio account. Al fine di contestualizzare meglio la domanda gli utenti potranno essere contattati via email, al telefono o mediante altri sistemi di comunicazione da un operatore incaricato dall&#8217;Amministrazione. Il mancato conferimento dei dati (es. dati anagrafici, indirizzo e-mail, o numero telefonico) necessari a rendere il servizi pu\u00f2 comportare l\u2019impossibilit\u00e0 di ottenere quanto richiesto. Le ulteriori informazioni relative al trattamento dei dati dell\u2019utente rispetto agli eventuali servizi richiesti sono riportate o visualizzate nelle specifiche pagine del sito predisposte per tali servizi.<\/p>\n<h3 style=\"text-align: justify;\">Dati di navigazione<\/h3>\n<p class=\"text-justify\" style=\"text-align: justify;\">La mera navigazione del sito non richiede il conferimento di dati personali, fatto salvo quelli raccolti automaticamente e di seguito descritti. I sistemi informatici e gli applicativi dedicati al funzionamento del sito rilevano, infatti, nel corso della navigazione, alcuni dati personali la cui trasmissione \u00e8 implicita nell\u2019uso dei protocolli di comunicazione di Internet. Si tratta di dati che non sono raccolti per identificare gli utenti, ma che per loro stessa natura potrebbero, attraverso elaborazioni ed associazioni con dati detenuti da terzi, permettere di identificarli. In questa categoria di dati rientrano gli indirizzi IP o i nomi di dominio dei dispositivi utilizzati dagli utenti che si connettono al sito, gli indirizzi in notazione URI (Uniform Resource Identifier) delle risorse richieste, l\u2019orario della richiesta, il metodo utilizzato nel sottoporre la richiesta al server, la dimensione del file ottenuto in risposta, il codice numerico indicante lo stato della risposta data dal server (buon fine, errore, ecc.) ed altri parametri relativi al sistema operativo e all\u2019ambiente informatico dell\u2019utente. Questi dati vengono utilizzati al solo fine di ricavare informazioni statistiche anonime sull\u2019uso del Sito e potrebbero essere utilizzati, dietro richiesta delle competenti Autorit\u00e0, esclusivamente per indagine o accertamento di responsabilit\u00e0 in sede giudiziaria, nel rispetto della normativa vigente: salva questa eventualit\u00e0, i dati sui contatti web non persistono per pi\u00f9 di sette giorni.<\/p>\n<hr \/>\n<h3 style=\"text-align: justify;\">Utilizzo dei cookies<\/h3>\n<p class=\"text-justify\" style=\"text-align: justify;\">I cookie sono piccoli file di testo che il server web deposita sul dispositivo con cui l&#8217;utente naviga, senza identificarlo. Un cookie non pu\u00f2 leggere dati personali salvati sul disco fisso o file di cookie creati da altri siti, poich\u00e9 le sole informazioni che pu\u00f2 contenere sono quelle fornite dall&#8217;utente stesso. Le pagine di questo sito fanno uso di cookie secondo le modalit\u00e0 descritte di seguito.<\/p>\n<h3 style=\"text-align: justify;\">Cookie tecnici<\/h3>\n<p class=\"text-justify\" style=\"text-align: justify;\">Questo sito fa uso di cookies tecnici, che non vengono memorizzati in modo persistente sul computer dell&#8217;utente e sono necessari per consentire l&#8217;esplorazione sicura ed efficiente del sito. Tale uso \u00e8 limitato a cookies di sessione e in generale a cookies di dominio, come cookie di preferenze utente e cookie di monitoraggio (es: BlueStripe.PVN). L&#8217;utilizzo di tali cookies in questo sito viene fatto in modo da evitare il ricorso ad altre tecniche informatiche potenzialmente pregiudizievoli per la riservatezza della navigazione degli utenti, non consentendo l&#8217;acquisizione di dati personali identificativi dell&#8217;utente.<\/p>\n<h3 style=\"text-align: justify;\">Cookies analytics<\/h3>\n<p class=\"text-justify\" style=\"text-align: justify;\">Al fine di facilitare la navigazione nel sito e il modo in cui i visitatori ci arrivano, il sito utilizza Google Analytics, un servizio di analisi web fornito da Google, che aderisce ai principi sulla privacy stabiliti dal governo degli Stati Uniti (US Safe Harbor Privacy Principles), alla cui Privacy-Policy si fa rinvio. Per analizzare i punti di maggiore interesse dei siti visitati dall&#8217;utente, Google Analytics utilizza i cookies a scopi statistici e raccoglie informazioni in sola forma aggregata, senza associare l&#8217;indirizzo IP di navigazione dell&#8217;utente a nessun altro dato posseduto da Google stessa. Sono stati adottati strumenti che riducono il potere identificativo dei cookies tramite il mascheramento di porzioni significative dell&#8217;IP. Inoltre sono state attivate le impostazioni di Google Analytics opportune affinch\u00e9 Google non incroci i dati raccolti con altre informazioni di cui gi\u00e0 dispone.<\/p>\n<p class=\"text-justify\" style=\"text-align: justify;\">La navigazione su questo sito comporta l&#8217;accettazione delle condizioni d&#8217;uso, comprese le funzionalit\u00e0 legate ai cookies che possono essere disabilitati utilizzando le opzioni specifiche presenti nei vari tipi di browser. Salvo quanto sopra indicato, questo sito web non fa uso di altri cookie per la trasmissione di informazioni di carattere personale e non utilizza altri sistemi per il tracciamento degli utenti.<\/p>\n<h3 style=\"text-align: justify;\">Comunicazione e diffusione dei dati personali<\/h3>\n<p class=\"text-justify\" style=\"text-align: justify;\">I dati degli utenti e visitatori dei siti trattati dal Titolare sono utilizzati esclusivamente per attivit\u00e0 strettamente connesse e strumentali all&#8217;operativit\u00e0 del sito. I Suoi Dati Personali potranno essere comunicati e trattati da collaboratori e\/o dipendenti del Titolare, in qualit\u00e0 di soggetti autorizzati\/ incaricati del trattamento, nell&#8217;ambito delle rispettive funzioni ed in conformit\u00e0 alle istruzioni impartite dal Titolare. In alcuni casi, potrebbero avere accesso ai dati soggetti esterni (come fornitori di servizi tecnici terzi, corrieri postali, hosting provider, societ\u00e0 informatiche) che agiscano per conto del Titolare, debitamente nominati, se necessario, Responsabili del trattamento ai sensi dell\u2019articolo 28 del GDPR in materia di protezione dei dati personali. L\u2019elenco aggiornato dei responsabili potr\u00e0 sempre essere richiesto al Titolare del trattamento.<\/p>\n<p class=\"text-justify\" style=\"text-align: justify;\">Si precisa che i Suoi dati non saranno diffusi, n\u00e9 saranno in alcun modo oggetto di processi decisionali automatizzati compresa la profilazione.<\/p>\n<hr \/>\n<h3 style=\"text-align: justify;\">Trasferimento dati<\/h3>\n<p class=\"text-justify\" style=\"text-align: justify;\">La gestione e la conservazione dei dati personali avverr\u00e0 su server ubicati all\u2019interno dell\u2019Unione Europea del Titolare e\/o di societ\u00e0 terze incaricate e debitamente nominate quali responsabili del trattamento. Attualmente, il server \u00e8 situato presso la sede del Titolare sopra indicata. I dati non saranno oggetto di trasferimento al di fuori dell\u2019Unione Europea.<\/p>\n<p class=\"text-justify\" style=\"text-align: justify;\">Resta in ogni caso inteso che il Titolare, ove si rendesse necessario, avr\u00e0 facolt\u00e0 di spostare l\u2019ubicazione dei server in Unione Europea e\/o in Paesi extra-UE. In tal caso, il Titolare assicura sin d\u2019ora che il trasferimento dei dati extra-UE avverr\u00e0 in conformit\u00e0 alle disposizioni di legge applicabili stipulando, se necessario, accordi che garantiscano un livello di protezione adeguato e\/o adottando le clausole contrattuali standard previste dalla Commissione Europea.<\/p>\n<hr \/>\n<h3 style=\"text-align: justify;\">Periodo di conservazione dei dati<\/h3>\n<p class=\"text-justify\" style=\"text-align: justify;\">Al fine di assicurare il rispetto dei principi di necessit\u00e0 e proporzionalit\u00e0 del trattamento, i dati personali sono trattati per il periodo di tempo strettamente necessario al raggiungimento delle finalit\u00e0 indicate nella presente privacy policy. Relativamente alla finalit\u00e0 di marketing, il periodo massimo di conservazione dei dati personali sar\u00e0 di 24 mesi, cos\u00ec come prescritto dal Garante per la protezione dei dati personali.<\/p>\n<hr \/>\n<h3 style=\"text-align: justify;\">Diritti dell\u2019interessato<\/h3>\n<p class=\"text-justify\" style=\"text-align: justify;\">Gli utenti interessati, ovvero le persone fisiche cui si riferiscono i dati personali, hanno il diritto, in qualunque momento, di ottenere la conferma dell&#8217;esistenza o meno dei medesimi dati e di conoscerne il contenuto e l&#8217;origine, verificarne l&#8217;esattezza o chiederne l&#8217;integrazione o l&#8217;aggiornamento, oppure la rettifica. Gli interessati hanno inoltre il diritto di chiedere la cancellazione, la trasformazione in forma anonima o il blocco dei dati trattati in violazione di legge, nonch\u00e9 di opporsi, in tutto o in parte, per motivi legittimi al loro trattamento, ma anche il diritto di limitazione e di portabilit\u00e0 dei dati nonch\u00e8 di proporre reclamo all&#8217;Autorit\u00e0 di Controllo in conformit\u00e0 agli artt. da 15 a 22 del GDPR.<\/p>\n<p class=\"text-justify\" style=\"text-align: justify;\">Per qualunque informazione in merito al trattamento dei dati, nonch\u00e9 per l&#8217;esercizio dei diritti sopraelencati, l&#8217;utente pu\u00f2 contattare il Titolare inviando una e-mail all\u2019indirizzo <a href=\"mailto:segreteria@studiobriola.it\">segreteria@studiobriola.it<\/a>.<\/p>\n<hr \/>\n<h3 style=\"text-align: justify;\">Modifiche alla presente Informativa<\/h3>\n<p class=\"text-justify\" style=\"text-align: justify;\">La presente Informativa pu\u00f2 subire variazioni. Si consiglia, quindi, di controllare regolarmente questa Informativa e di riferirsi alla versione pi\u00f9 aggiornata. Maggiori informazioni in relazione al trattamento dei dati personali potranno essere richieste in qualsiasi momento al Titolare del Trattamento utilizzando le informazioni di contatto.<\/p>\n[\/vc_column_text][\/vc_column][\/vc_row]\n","protected":false},"excerpt":{"rendered":"<p>[vc_row][vc_column][vc_column_text] Privacy Policy La presente Privacy Policy ha lo scopo di descrivere le modalit\u00e0 di gestione di questo sito, in riferimento al trattamento dei dati personali degli utenti\/visitatori che lo consultano. Si tratta di un\u2019informativa che \u00e8 resa anche ai sensi dell\u2019art. 13 del Regolamento UE 2016\/679 &#8211; GDPR in materia di protezione dei dati&hellip;<\/p>\n","protected":false},"author":1,"featured_media":0,"parent":0,"menu_order":90,"comment_status":"closed","ping_status":"closed","template":"","meta":{"footnotes":""},"class_list":["post-1055","page","type-page","status-publish","hentry","entry","no-media"],"_links":{"self":[{"href":"https:\/\/www.studiobriola.it\/en\/wp-json\/wp\/v2\/pages\/1055","targetHints":{"allow":["GET"]}}],"collection":[{"href":"https:\/\/www.studiobriola.it\/en\/wp-json\/wp\/v2\/pages"}],"about":[{"href":"https:\/\/www.studiobriola.it\/en\/wp-json\/wp\/v2\/types\/page"}],"author":[{"embeddable":true,"href":"https:\/\/www.studiobriola.it\/en\/wp-json\/wp\/v2\/users\/1"}],"replies":[{"embeddable":true,"href":"https:\/\/www.studiobriola.it\/en\/wp-json\/wp\/v2\/comments?post=1055"}],"version-history":[{"count":2,"href":"https:\/\/www.studiobriola.it\/en\/wp-json\/wp\/v2\/pages\/1055\/revisions"}],"predecessor-version":[{"id":1501,"href":"https:\/\/www.studiobriola.it\/en\/wp-json\/wp\/v2\/pages\/1055\/revisions\/1501"}],"wp:attachment":[{"href":"https:\/\/www.studiobriola.it\/en\/wp-json\/wp\/v2\/media?parent=1055"}],"curies":[{"name":"wp","href":"https:\/\/api.w.org\/{rel}","templated":true}]}}